{"id":211,"date":"2020-03-04T11:25:15","date_gmt":"2020-03-04T11:25:15","guid":{"rendered":"https:\/\/demo.casethemes.net\/alico\/?page_id=211"},"modified":"2022-04-30T06:50:15","modified_gmt":"2022-04-30T11:50:15","slug":"ahorro","status":"publish","type":"page","link":"http:\/\/coopeunachi.com\/index.php\/ahorro\/","title":{"rendered":"AHORRO"},"content":{"rendered":"\t\t<div data-elementor-type=\"wp-page\" data-elementor-id=\"211\" class=\"elementor elementor-211\" data-elementor-settings=\"[]\">\n\t\t\t\t\t\t<div class=\"elementor-inner\">\n\t\t\t\t\t\t\t<div class=\"elementor-section-wrap\">\n\t\t\t\t\t        <section class=\"elementor-section elementor-inner-section elementor-element elementor-element-504d9941 elementor-section-content-middle elementor-section-boxed elementor-section-height-default elementor-section-height-default\" data-id=\"504d9941\" data-element_type=\"section\">\n            \n                        <div class=\"elementor-container elementor-column-gap-extended \">\n                            <div class=\"elementor-row\">\n                    <div class=\"elementor-column elementor-col-100 elementor-inner-column elementor-element elementor-element-244fa7f6\" data-id=\"244fa7f6\" data-element_type=\"column\">\n            <div class=\"elementor-column-wrap elementor-element-populated\">\n                            <div class=\"elementor-widget-wrap\">\n                \t\t<div class=\"elementor-element elementor-element-3cea71e5 elementor-widget elementor-widget-ct_heading\" data-id=\"3cea71e5\" data-element_type=\"widget\" data-widget_type=\"ct_heading.default\">\n\t\t\t\t<div class=\"elementor-widget-container\">\n\t\t\t<div class=\"ct-heading ct-heading-dot h-align- \" data-wow-duration=\"1.2s\">\r\n\t        <h4 class=\"item--title\">\r\n                    <i class=\"dot-shape\">\r\n                <i><\/i>\r\n                <i><\/i>\r\n                <i><\/i>\r\n                <i><\/i>\r\n                <i><\/i>\r\n                <i><\/i>\r\n            <\/i>\r\n                Conoce m\u00e1s sobre nuestras cuentas de ahorro y <\/br> alcanza tus metas a tu ritmo.    <\/h4>\r\n<\/div>\t\t<\/div>\n\t\t\t\t<\/div>\n\t\t                <\/div>\n                    <\/div>\n        <\/div>\n                                <\/div>\n                    <\/div>\n        <\/section>\n                <section class=\"elementor-section elementor-top-section elementor-element elementor-element-9353945 elementor-section-boxed elementor-section-height-default elementor-section-height-default\" data-id=\"9353945\" data-element_type=\"section\">\n            \n                        <div class=\"elementor-container elementor-column-gap-extended \">\n                            <div class=\"elementor-row\">\n                    <div class=\"elementor-column elementor-col-100 elementor-top-column elementor-element elementor-element-6cdc476\" data-id=\"6cdc476\" data-element_type=\"column\">\n            <div class=\"elementor-column-wrap elementor-element-populated\">\n                            <div class=\"elementor-widget-wrap\">\n                \t\t<div class=\"elementor-element elementor-element-f16aafa elementor-widget elementor-widget-ct_pricing\" data-id=\"f16aafa\" data-element_type=\"widget\" data-widget_type=\"ct_pricing.default\">\n\t\t\t\t<div class=\"elementor-widget-container\">\n\t\t\t<div class=\"ct-pricing ct-pricing-layout1 ct-pricing-tab-active\">\r\n            <div class=\"ct-pricing-tab-title\">\r\n                            <div class=\"ct-pricing-tab-item title-tab-monthly active\">Actuales<\/div>\r\n                                        <div class=\"ct-pricing-tab-item title-tab-year\">Pr\u00f3ximos<\/div>\r\n                    <\/div>\r\n        <div class=\"ct-pricing-tab-content\">\r\n                    <div class=\"ct-pricing-body ct-pricing-monthly pricing-2-column\">\r\n                                <div class=\"ct-pricing-item wow fadeInUp\" data-wow-duration=\"1.2s\">\r\n                    <div class=\"ct-pricing-item-inner \">\r\n                        <div class=\"item-popular\"><\/div>\r\n                        <h3 class=\"ct-pricing-title\">AHORRO DE NAVIDAD<\/h3>\r\n                        <div class=\"ct-pricing-subtitle\">Cuota m\u00ednima Quincenal<\/div>\r\n                        <div class=\"ct-pricing-price1\">B\/. 1.00<\/div>\r\n                        \r\n                                                                            <div class=\"ct-pricing-icon\">\r\n                                <img width=\"51\" height=\"65\" src=\"http:\/\/coopeunachi.com\/wp-content\/uploads\/2020\/03\/service-icon4.png\" class=\"attachment-full\" alt=\"\" loading=\"lazy\" \/>                            <\/div>\r\n                        \r\n                        <div class=\"ct-pricing-desc\">En las cuentas de ahorro de navidad , el asociado establece la cuota mensual, que puede realizarlo v\u00eda descuento directo o por pago voluntarios. Ofrecemos una buena tasa de inter\u00e9s anual, calculada sobre el saldo ahorrado mensual.<\/div>\r\n                        <div class=\"ct-pricing-price2\"><\/div>\r\n\r\n                                                    <div class=\"ct-pricing-button\">\r\n                                <a class=\"btn btn-default\" href=\"http:\/\/coopeunachi.com\/wp-content\/uploads\/2022\/04\/Formulario_para_descuento_de_Ahorros_de_Navidad.pdf\" target=\"_blank\">Formulario (.pdf  133kb)<\/a>\r\n                            <\/div>\r\n                                            <\/div>\r\n                <\/div>\r\n                                <div class=\"ct-pricing-item wow fadeInUp\" data-wow-duration=\"1.2s\">\r\n                    <div class=\"ct-pricing-item-inner \">\r\n                        <div class=\"item-popular\"><\/div>\r\n                        <h3 class=\"ct-pricing-title\">AHORRO CORRIENTE<\/h3>\r\n                        <div class=\"ct-pricing-subtitle\">Cuota M\u00ednima Quincenal<\/div>\r\n                        <div class=\"ct-pricing-price1\">B\/. 1.00<\/div>\r\n                        \r\n                                                                            <div class=\"ct-pricing-icon\">\r\n                                <img width=\"51\" height=\"65\" src=\"http:\/\/coopeunachi.com\/wp-content\/uploads\/2020\/03\/service-icon7.png\" class=\"attachment-full\" alt=\"\" loading=\"lazy\" \/>                            <\/div>\r\n                        \r\n                        <div class=\"ct-pricing-desc\">En las cuentas de ahorro corriente , el asociado establece la cuota mensual, que puede realizarlo v\u00eda descuento directo o por pago voluntarios. Ofrecemos una buena tasa de inter\u00e9s anual, calculada sobre el saldo ahorrado mensual.<\/div>\r\n                        <div class=\"ct-pricing-price2\"><\/div>\r\n\r\n                                                    <div class=\"ct-pricing-button\">\r\n                                <a class=\"btn btn-default\" href=\"http:\/\/coopeunachi.com\/wp-content\/uploads\/2022\/04\/Formulario_para_descuento_de_Ahorros_Corriente.pdf\" target=\"_blank\">Formulario (.pdf  126kb)<\/a>\r\n                            <\/div>\r\n                                            <\/div>\r\n                <\/div>\r\n                                <div class=\"ct-pricing-item wow fadeInUp\" data-wow-duration=\"1.2s\">\r\n                    <div class=\"ct-pricing-item-inner \">\r\n                        <div class=\"item-popular\"><\/div>\r\n                        <h3 class=\"ct-pricing-title\">AHORRO PARA LA JUBILACI\u00d3N<\/h3>\r\n                        <div class=\"ct-pricing-subtitle\">Cuota M\u00ednima Quincenal<\/div>\r\n                        <div class=\"ct-pricing-price1\">B\/. 1.00<\/div>\r\n                        \r\n                                                                            <div class=\"ct-pricing-icon\">\r\n                                <img width=\"54\" height=\"65\" src=\"http:\/\/coopeunachi.com\/wp-content\/uploads\/2020\/03\/service-icon2.png\" class=\"attachment-full\" alt=\"\" loading=\"lazy\" \/>                            <\/div>\r\n                        \r\n                        <div class=\"ct-pricing-desc\">Ahorro Para la Jubilaci\u00f3n que se establece la cuota m\u00ednima quincenal de B\/1.00.<\/div>\r\n                        <div class=\"ct-pricing-price2\"><\/div>\r\n\r\n                                            <\/div>\r\n                <\/div>\r\n                            <\/div>\r\n                            <div class=\"ct-pricing-body ct-pricing-year ct-pricing-hide pricing-1-column\">\r\n                                <div class=\"ct-pricing-item\">\r\n                    <div class=\"ct-pricing-item-inner \">\r\n                        <div class=\"item-popular\"><\/div>\r\n                        <h3 class=\"ct-pricing-title\">AHORRO A PLAZO FIJO <\/h3>\r\n                        <div class=\"ct-pricing-subtitle\">Es un servicio que tiene como objetivo general brindar a los asociados y ahorristas un sistema de ahorro que ofrezca mejores intereses propiciando su mejoramiento econ\u00f3mico. <\/div>\r\n                        <div class=\"ct-pricing-price1\"><\/div>\r\n                        \r\n                                                                            <div class=\"ct-pricing-icon\">\r\n                                <img width=\"74\" height=\"64\" src=\"http:\/\/coopeunachi.com\/wp-content\/uploads\/2020\/03\/pricing-icon4.png\" class=\"attachment-full\" alt=\"\" loading=\"lazy\" \/>                            <\/div>\r\n                        \r\n                        <div class=\"ct-pricing-desc\"><b>Tabla de Intereses<\/b><\/br>\nA\u00f1os\t% de inter\u00e9s<\/br>\n1 a\u00f1o\t3.70%<\/br>\n2 a\u00f1os\t4.50%<\/br>\n3 a\u00f1os\t4.90%<\/br>\n4 a\u00f1os\t5.10%<\/br>\n5 a\u00f1os\t5.30%<\/br>\n6 a\u00f1os\t5.50%<\/br>\n7 a\u00f1os\t5.75%<\/br>\n<\/div>\r\n                        <div class=\"ct-pricing-price2\"><\/div>\r\n\r\n                                            <\/div>\r\n                <\/div>\r\n                            <\/div>\r\n            <\/div>\r\n<\/div>\t\t<\/div>\n\t\t\t\t<\/div>\n\t\t                <\/div>\n                    <\/div>\n        <\/div>\n                                <\/div>\n                    <\/div>\n        <\/section>\n        \t\t\t\t<\/div>\n\t\t\t\t\t\t<\/div>\n\t\t\t\t\t<\/div>\n\t\t","protected":false},"excerpt":{"rendered":"<p>Conoce m\u00e1s sobre nuestras cuentas de ahorro y alcanza tus metas a tu ritmo. Actuales Pr\u00f3ximos AHORRO DE NAVIDAD Cuota m\u00ednima Quincenal B\/. 1.00 En las cuentas de ahorro de navidad , el asociado establece la cuota mensual, que puede realizarlo v\u00eda descuento directo o por pago voluntarios. Ofrecemos una buena tasa de inter\u00e9s anual, [&hellip;]<\/p>\n","protected":false},"author":1,"featured_media":0,"parent":0,"menu_order":0,"comment_status":"closed","ping_status":"closed","template":"","meta":[],"_links":{"self":[{"href":"http:\/\/coopeunachi.com\/index.php\/wp-json\/wp\/v2\/pages\/211"}],"collection":[{"href":"http:\/\/coopeunachi.com\/index.php\/wp-json\/wp\/v2\/pages"}],"about":[{"href":"http:\/\/coopeunachi.com\/index.php\/wp-json\/wp\/v2\/types\/page"}],"author":[{"embeddable":true,"href":"http:\/\/coopeunachi.com\/index.php\/wp-json\/wp\/v2\/users\/1"}],"replies":[{"embeddable":true,"href":"http:\/\/coopeunachi.com\/index.php\/wp-json\/wp\/v2\/comments?post=211"}],"version-history":[{"count":59,"href":"http:\/\/coopeunachi.com\/index.php\/wp-json\/wp\/v2\/pages\/211\/revisions"}],"predecessor-version":[{"id":4391,"href":"http:\/\/coopeunachi.com\/index.php\/wp-json\/wp\/v2\/pages\/211\/revisions\/4391"}],"wp:attachment":[{"href":"http:\/\/coopeunachi.com\/index.php\/wp-json\/wp\/v2\/media?parent=211"}],"curies":[{"name":"wp","href":"https:\/\/api.w.org\/{rel}","templated":true}]}}