{"id":3672,"date":"2020-11-28T22:45:13","date_gmt":"2020-11-29T03:45:13","guid":{"rendered":"http:\/\/coopeunachi.com\/?page_id=3672"},"modified":"2020-11-30T17:05:23","modified_gmt":"2020-11-30T22:05:23","slug":"afiliacion","status":"publish","type":"page","link":"http:\/\/coopeunachi.com\/index.php\/afiliacion\/","title":{"rendered":"AFILIACI\u00d3N"},"content":{"rendered":"\t\t<div data-elementor-type=\"wp-page\" data-elementor-id=\"3672\" class=\"elementor elementor-3672\" data-elementor-settings=\"[]\">\n\t\t\t\t\t\t<div class=\"elementor-inner\">\n\t\t\t\t\t\t\t<div class=\"elementor-section-wrap\">\n\t\t\t\t\t        <section class=\"elementor-section elementor-top-section elementor-element elementor-element-e395342 elementor-section-boxed elementor-section-height-default elementor-section-height-default\" data-id=\"e395342\" data-element_type=\"section\">\n            \n                        <div class=\"elementor-container elementor-column-gap-default \">\n                            <div class=\"elementor-row\">\n                    <div class=\"elementor-column elementor-col-66 elementor-top-column elementor-element elementor-element-86a0ee0\" data-id=\"86a0ee0\" data-element_type=\"column\">\n            <div class=\"elementor-column-wrap elementor-element-populated\">\n                            <div class=\"elementor-widget-wrap\">\n                \t\t<div class=\"elementor-element elementor-element-a779570 elementor-widget elementor-widget-ct_heading\" data-id=\"a779570\" data-element_type=\"widget\" data-widget_type=\"ct_heading.default\">\n\t\t\t\t<div class=\"elementor-widget-container\">\n\t\t\t<div class=\"ct-heading ct-heading-dot h-align- \" data-wow-duration=\"1.2s\">\r\n\t        <h4 class=\"item--title\">\r\n                    <i class=\"dot-shape\">\r\n                <i><\/i>\r\n                <i><\/i>\r\n                <i><\/i>\r\n                <i><\/i>\r\n                <i><\/i>\r\n                <i><\/i>\r\n            <\/i>\r\n                Forma parte de una Cooperativa que te brinda los beneficios y el apoyo econ\u00f3mico que necesitas en tu vida.    <\/h4>\r\n<\/div>\t\t<\/div>\n\t\t\t\t<\/div>\n\t\t\t\t<div class=\"elementor-element elementor-element-b4d81dc elementor-widget elementor-widget-ct_heading\" data-id=\"b4d81dc\" data-element_type=\"widget\" data-widget_type=\"ct_heading.default\">\n\t\t\t\t<div class=\"elementor-widget-container\">\n\t\t\t<div class=\"ct-heading ct-heading-default h-align- \" data-wow-duration=\"1.2s\">\r\n\t        <h6 class=\"item--title\">\r\n                REQUISITOS DE INGRESO    <\/h6>\r\n<\/div>\t\t<\/div>\n\t\t\t\t<\/div>\n\t\t\t\t<div class=\"elementor-element elementor-element-39e3985 elementor-widget elementor-widget-ct_list\" data-id=\"39e3985\" data-element_type=\"widget\" data-widget_type=\"ct_list.default\">\n\t\t\t\t<div class=\"elementor-widget-container\">\n\t\t\t    <div class=\"ct-list style3 \">\r\n                    <div class=\"ct-list-item\">\r\n            \t<div class=\"ct-list-icon\"><i class=\"ct-list-dot\"><\/i><\/div>\r\n            \t<div class=\"ct-list-meta\">\r\n\t            \t<div class=\"ct-list-desc\">\r\n\t            \t\tLlenar documento de ingreso.\t            \t<\/div>\r\n\t            <\/div>\r\n           <\/div>\r\n                    <div class=\"ct-list-item\">\r\n            \t<div class=\"ct-list-icon\"><i class=\"ct-list-dot\"><\/i><\/div>\r\n            \t<div class=\"ct-list-meta\">\r\n\t            \t<div class=\"ct-list-desc\">\r\n\t            \t\tPresentar copia de c\u00e9dula, \u00faltimo talonario, carta de trabajo y recibo de servicio p\u00fablico.\t            \t<\/div>\r\n\t            <\/div>\r\n           <\/div>\r\n                    <div class=\"ct-list-item\">\r\n            \t<div class=\"ct-list-icon\"><i class=\"ct-list-dot\"><\/i><\/div>\r\n            \t<div class=\"ct-list-meta\">\r\n\t            \t<div class=\"ct-list-desc\">\r\n\t            \t\tNombrar a sus beneficiarios, quienes la cooperativa deber\u00e1 traspasar en caso de muerte del asociado, sus derechos a las aportaciones y ahorros que posea en la cooperativa\t            \t<\/div>\r\n\t            <\/div>\r\n           <\/div>\r\n                    <div class=\"ct-list-item\">\r\n            \t<div class=\"ct-list-icon\"><i class=\"ct-list-dot\"><\/i><\/div>\r\n            \t<div class=\"ct-list-meta\">\r\n\t            \t<div class=\"ct-list-desc\">\r\n\t            \t\tPagar la cuota de ingreso que se\u00f1ala en el estatuto y por lo menos, el valor de una aportaci\u00f3n.\t            \t<\/div>\r\n\t            <\/div>\r\n           <\/div>\r\n                    <div class=\"ct-list-item\">\r\n            \t<div class=\"ct-list-icon\"><i class=\"ct-list-dot\"><\/i><\/div>\r\n            \t<div class=\"ct-list-meta\">\r\n\t            \t<div class=\"ct-list-desc\">\r\n\t            \t\tComprometerse a hacer uso de los servicios de la cooperativa y seguir adquiriendo como m\u00ednimo una aportaci\u00f3n por mes. Adem\u00e1s, deber\u00e1 incrementar estas aportaciones mediante el porcentaje establecido por la junta de directores.\t            \t<\/div>\r\n\t            <\/div>\r\n           <\/div>\r\n            <\/div>\r\n\t\t<\/div>\n\t\t\t\t<\/div>\n\t\t                <\/div>\n                    <\/div>\n        <\/div>\n                <div class=\"elementor-column elementor-col-33 elementor-top-column elementor-element elementor-element-a6423b8\" data-id=\"a6423b8\" data-element_type=\"column\">\n            <div class=\"elementor-column-wrap elementor-element-populated\">\n                            <div class=\"elementor-widget-wrap\">\n                \t\t<div class=\"elementor-element elementor-element-dc559ab elementor-widget elementor-widget-ct_image\" data-id=\"dc559ab\" data-element_type=\"widget\" data-widget_type=\"ct_image.default\">\n\t\t\t\t<div class=\"elementor-widget-container\">\n\t\t\t<div class=\"ct-image-single \" data-wow-duration=\"1.2s\" data-wow-delay=\"ms\">\r\n                        <img width=\"389\" height=\"648\" src=\"http:\/\/coopeunachi.com\/wp-content\/uploads\/2020\/05\/h6-girl.png\" class=\"attachment-full\" alt=\"\" loading=\"lazy\" \/>            <\/div>\t\t<\/div>\n\t\t\t\t<\/div>\n\t\t                <\/div>\n                    <\/div>\n        <\/div>\n                                <\/div>\n                    <\/div>\n        <\/section>\n                <section class=\"elementor-section elementor-top-section elementor-element elementor-element-4917a52 elementor-section-height-min-height elementor-section-boxed elementor-section-height-default elementor-section-items-middle\" data-id=\"4917a52\" data-element_type=\"section\">\n            \n                        <div class=\"elementor-container elementor-column-gap-default \">\n                            <div class=\"elementor-row\">\n                    <div class=\"elementor-column elementor-col-100 elementor-top-column elementor-element elementor-element-ef988f6\" data-id=\"ef988f6\" data-element_type=\"column\">\n            <div class=\"elementor-column-wrap elementor-element-populated\">\n                            <div class=\"elementor-widget-wrap\">\n                \t\t<div class=\"elementor-element elementor-element-9c99d87 elementor-widget elementor-widget-ct_tabs\" data-id=\"9c99d87\" data-element_type=\"widget\" data-widget_type=\"ct_tabs.default\">\n\t\t\t\t<div class=\"elementor-widget-container\">\n\t\t\t<div class=\"ct-tabs ct-tabs--layout1 style1\">\n    <div class=\"ct-tabs-title\">\n                    <span class=\"ct-tab-title active\" data-target=\"#b2fd058\">\n                                                DEBERES DEL ASOCIADO        \n            <\/span>\n                    <span class=\"ct-tab-title \" data-target=\"#8a27116\">\n                                                DERECHOS DEL ASOCIADO        \n            <\/span>\n            <\/div>\n\n    <div class=\"ct-tabs-content\">\n                    <div class=\"ct-tab-content \" id=\"b2fd058\" style=\"display:block;\"><ol><li>Asistir y participar en la Asamblea ordinaria o extraordinaria.<\/li><li>Seguir pagando como m\u00ednimo una aportaci\u00f3n de b\/5.00 mensual. Adem\u00e1s, deber\u00e1n incrementarse estas aportaciones mediante porcentaje establecido por la junta de directores.<\/li><li>Cumplir sus obligaciones sociales con aportes econ\u00f3micos, intelectuales y morales.<\/li><li>Desempe\u00f1ar los cargos para los que fueron elegidos.<\/li><li>Cumplir con los acuerdos de la Asamblea y Junta de Directores.<\/li><li>Ser solidario en sus relaciones con la cooperativa y con los asociados.<\/li><li>Abstenerse de incurrir en actos de omisiones que afecten la estabilidad econ\u00f3mica o el prestigio de la cooperativa.<\/li><li>Pagar puntualmente sus transacciones con la Cooperativa.<\/li><li>Contribuir a la formaci\u00f3n del capital, a trav\u00e9s del pago sistem\u00e1tico de aportaciones y canalizar sus ahorros en la cooperativa.<\/li><\/ol><\/div>\n                    <div class=\"ct-tab-content \" id=\"8a27116\"><ol><li>Participar con voz y voto en la asamblea sobre la base de igualdad.<\/li><li>Regir y ser elegido para desempe\u00f1ar cargos en los cuerpos directivos.<\/li><li>Solicitar informes sobre su cuenta personal.<\/li><li>Solicitar informes a la Junta de Directores y a la Junta de Vigilancia sobre los asuntos por ellos atendidos y sobre el desarrollo de la cooperativa.<\/li><li>Formular denuncias por incumplimiento de la ley, del estatuto o de los reglamentos ante la Junta de Vigilancia.<\/li><li>Retirarse voluntariamente de la cooperativa.<\/li><li>Interponer recursos de reconsideraci\u00f3n ante la junta de directores o de apelaci\u00f3n ante la Asamblea contra cualquier decisi\u00f3n que afecte sus derechos.<\/li><li>Utilizar los servicios de la cooperativa y realizar con ellos las operaciones propias de su objeto social.<\/li><li>Participar en programas de capacitaci\u00f3n y becas.<\/li><\/ol><\/div>\n            <\/div>\n<\/div>\t\t<\/div>\n\t\t\t\t<\/div>\n\t\t                <\/div>\n                    <\/div>\n        <\/div>\n                                <\/div>\n                    <\/div>\n        <\/section>\n                <section class=\"elementor-section elementor-top-section elementor-element elementor-element-82c985e elementor-section-boxed elementor-section-height-default elementor-section-height-default\" data-id=\"82c985e\" data-element_type=\"section\">\n            \n                        <div class=\"elementor-container elementor-column-gap-default \">\n                            <div class=\"elementor-row\">\n                    <div class=\"elementor-column elementor-col-100 elementor-top-column elementor-element elementor-element-cc2d72e\" data-id=\"cc2d72e\" data-element_type=\"column\">\n            <div class=\"elementor-column-wrap elementor-element-populated\">\n                            <div class=\"elementor-widget-wrap\">\n                \t\t<div class=\"elementor-element elementor-element-647fd05 elementor-widget elementor-widget-ct_accordion\" data-id=\"647fd05\" data-element_type=\"widget\" data-widget_type=\"ct_accordion.default\">\n\t\t\t\t<div class=\"elementor-widget-container\">\n\t\t\t    <div id=\"ct_accordion-647fd05\" class=\"ct-accordion layout1 \" data-wow-duration=\"1.2s\">\r\n                    <div class=\"ct-accordion-item active\">\r\n                <div class=\"ct-ac-title active\" data-target=\"#e120c89ct_accordion-647fd05\">\r\n                    <a class=\"ct-ac-title-text\">APORTACIONES<\/a>\r\n                <\/div>\r\n                <div id=\"e120c89ct_accordion-647fd05\" class=\"ct-ac-content\" style=\"display:block;\">Las aportaciones son el capital social de la Cooperativa, este se incrementa con el aporte mensual de los asociado, dicho aporte es de car\u00e1cter obligatorio .Este ser\u00e1 cobrado por descuento directo a raz\u00f3n de cinco balboas (B\/5.00 ) mensuales.<\/div>\r\n            <\/div>\r\n            <\/div>\r\n\t\t<\/div>\n\t\t\t\t<\/div>\n\t\t                <\/div>\n                    <\/div>\n        <\/div>\n                                <\/div>\n                    <\/div>\n        <\/section>\n        \t\t\t\t<\/div>\n\t\t\t\t\t\t<\/div>\n\t\t\t\t\t<\/div>\n\t\t","protected":false},"excerpt":{"rendered":"<p>Forma parte de una Cooperativa que te brinda los beneficios y el apoyo econ\u00f3mico que necesitas en tu vida. REQUISITOS DE INGRESO Llenar documento de ingreso. Presentar copia de c\u00e9dula, \u00faltimo talonario, carta de trabajo y recibo de servicio p\u00fablico. Nombrar a sus beneficiarios, quienes la cooperativa deber\u00e1 traspasar en caso de muerte del asociado, [&hellip;]<\/p>\n","protected":false},"author":1,"featured_media":0,"parent":0,"menu_order":0,"comment_status":"closed","ping_status":"closed","template":"","meta":[],"_links":{"self":[{"href":"http:\/\/coopeunachi.com\/index.php\/wp-json\/wp\/v2\/pages\/3672"}],"collection":[{"href":"http:\/\/coopeunachi.com\/index.php\/wp-json\/wp\/v2\/pages"}],"about":[{"href":"http:\/\/coopeunachi.com\/index.php\/wp-json\/wp\/v2\/types\/page"}],"author":[{"embeddable":true,"href":"http:\/\/coopeunachi.com\/index.php\/wp-json\/wp\/v2\/users\/1"}],"replies":[{"embeddable":true,"href":"http:\/\/coopeunachi.com\/index.php\/wp-json\/wp\/v2\/comments?post=3672"}],"version-history":[{"count":27,"href":"http:\/\/coopeunachi.com\/index.php\/wp-json\/wp\/v2\/pages\/3672\/revisions"}],"predecessor-version":[{"id":4378,"href":"http:\/\/coopeunachi.com\/index.php\/wp-json\/wp\/v2\/pages\/3672\/revisions\/4378"}],"wp:attachment":[{"href":"http:\/\/coopeunachi.com\/index.php\/wp-json\/wp\/v2\/media?parent=3672"}],"curies":[{"name":"wp","href":"https:\/\/api.w.org\/{rel}","templated":true}]}}