{"id":3690,"date":"2020-11-28T23:12:35","date_gmt":"2020-11-29T04:12:35","guid":{"rendered":"http:\/\/coopeunachi.com\/?page_id=3690"},"modified":"2020-12-04T23:50:19","modified_gmt":"2020-12-05T04:50:19","slug":"beneficios","status":"publish","type":"page","link":"http:\/\/coopeunachi.com\/index.php\/beneficios\/","title":{"rendered":"BENEFICIOS"},"content":{"rendered":"\t\t<div data-elementor-type=\"wp-page\" data-elementor-id=\"3690\" class=\"elementor elementor-3690\" data-elementor-settings=\"[]\">\n\t\t\t\t\t\t<div class=\"elementor-inner\">\n\t\t\t\t\t\t\t<div class=\"elementor-section-wrap\">\n\t\t\t\t\t        <section class=\"elementor-section elementor-top-section elementor-element elementor-element-5e328db elementor-section-boxed elementor-section-height-default elementor-section-height-default elementor-invisible\" data-id=\"5e328db\" data-element_type=\"section\" data-settings=\"{&quot;animation&quot;:&quot;fadeInUp&quot;}\">\n            \n                        <div class=\"elementor-container elementor-column-gap-default \">\n                            <div class=\"elementor-row\">\n                    <div class=\"elementor-column elementor-col-66 elementor-top-column elementor-element elementor-element-bf975bb\" data-id=\"bf975bb\" data-element_type=\"column\">\n            <div class=\"elementor-column-wrap elementor-element-populated\">\n                            <div class=\"elementor-widget-wrap\">\n                \t\t<div class=\"elementor-element elementor-element-8b8b272 elementor-widget elementor-widget-ct_heading\" data-id=\"8b8b272\" data-element_type=\"widget\" data-widget_type=\"ct_heading.default\">\n\t\t\t\t<div class=\"elementor-widget-container\">\n\t\t\t<div class=\"ct-heading ct-heading-dot h-align- \" data-wow-duration=\"1.2s\">\r\n\t        <h4 class=\"item--title\">\r\n                    <i class=\"dot-shape\">\r\n                <i><\/i>\r\n                <i><\/i>\r\n                <i><\/i>\r\n                <i><\/i>\r\n                <i><\/i>\r\n                <i><\/i>\r\n            <\/i>\r\n                M\u00faltiples beneficios pensados <\/br>\npara nuestros asociados    <\/h4>\r\n<\/div>\t\t<\/div>\n\t\t\t\t<\/div>\n\t\t\t\t<div class=\"elementor-element elementor-element-cd1012f elementor-widget elementor-widget-ct_accordion\" data-id=\"cd1012f\" data-element_type=\"widget\" data-widget_type=\"ct_accordion.default\">\n\t\t\t\t<div class=\"elementor-widget-container\">\n\t\t\t    <div id=\"ct_accordion-cd1012f\" class=\"ct-accordion layout1 wow fadeIn\" data-wow-duration=\"1.2s\">\r\n                    <div class=\"ct-accordion-item \">\r\n                <div class=\"ct-ac-title \" data-target=\"#9ac5124ct_accordion-cd1012f\">\r\n                    <a class=\"ct-ac-title-text\">Fondo Funerario.<\/a>\r\n                <\/div>\r\n                <div id=\"9ac5124ct_accordion-cd1012f\" class=\"ct-ac-content\">Es de car\u00e1cter opcional, el asociado que desee este servicio pagar\u00e1 v\u00eda descuento directo Un balboa con 00\/100 (B\/1.00 quincenal, Este servicio le ofrece una ayuda al asociado o beneficiario para cubrir gastos funerarios por muerte del Principal por Quinientos balboas (B\/500.00) y, por muerte de beneficiario del Fondo Funerario (hijos, c\u00f3nyuge y padres) las suma de Trescientos balboas (B\/300.00).<\/div>\r\n            <\/div>\r\n                    <div class=\"ct-accordion-item \">\r\n                <div class=\"ct-ac-title \" data-target=\"#369a2d9ct_accordion-cd1012f\">\r\n                    <a class=\"ct-ac-title-text\">Fondo de Retiro.<\/a>\r\n                <\/div>\r\n                <div id=\"369a2d9ct_accordion-cd1012f\" class=\"ct-ac-content\">Es de car\u00e1cter opcional. La forma de Ahorro es por descuento directo. El m\u00ednimo para ahorrar es B\/1.00 quincenal. Este producto contribuye para que el asociado cuente con una suma de dinero adicional en el tiempo estimado para su retiro.<\/div>\r\n            <\/div>\r\n                    <div class=\"ct-accordion-item \">\r\n                <div class=\"ct-ac-title \" data-target=\"#f66f554ct_accordion-cd1012f\">\r\n                    <a class=\"ct-ac-title-text\">Descuento para compra de lentes.<\/a>\r\n                <\/div>\r\n                <div id=\"f66f554ct_accordion-cd1012f\" class=\"ct-ac-content\">Descuento por compra de lentes en Vista \u00d3ptica.<\/div>\r\n            <\/div>\r\n                    <div class=\"ct-accordion-item \">\r\n                <div class=\"ct-ac-title \" data-target=\"#67c2b94ct_accordion-cd1012f\">\r\n                    <a class=\"ct-ac-title-text\">Protecci\u00f3n de Pr\u00e9stamos.<\/a>\r\n                <\/div>\r\n                <div id=\"67c2b94ct_accordion-cd1012f\" class=\"ct-ac-content\"><\/div>\r\n            <\/div>\r\n                    <div class=\"ct-accordion-item \">\r\n                <div class=\"ct-ac-title \" data-target=\"#4459a7cct_accordion-cd1012f\">\r\n                    <a class=\"ct-ac-title-text\">Programa de apoyo educativo a socios e hijos de estos (PAE).<\/a>\r\n                <\/div>\r\n                <div id=\"4459a7cct_accordion-cd1012f\" class=\"ct-ac-content\"><\/div>\r\n            <\/div>\r\n                    <div class=\"ct-accordion-item \">\r\n                <div class=\"ct-ac-title \" data-target=\"#c988ee3ct_accordion-cd1012f\">\r\n                    <a class=\"ct-ac-title-text\">Apoyo a asociados en situaciones de desastres o de riesgo social.<\/a>\r\n                <\/div>\r\n                <div id=\"c988ee3ct_accordion-cd1012f\" class=\"ct-ac-content\"><\/div>\r\n            <\/div>\r\n                    <div class=\"ct-accordion-item \">\r\n                <div class=\"ct-ac-title \" data-target=\"#701b3dfct_accordion-cd1012f\">\r\n                    <a class=\"ct-ac-title-text\">Respuesta inmediata a las solicitudes.<\/a>\r\n                <\/div>\r\n                <div id=\"701b3dfct_accordion-cd1012f\" class=\"ct-ac-content\"><\/div>\r\n            <\/div>\r\n                    <div class=\"ct-accordion-item \">\r\n                <div class=\"ct-ac-title \" data-target=\"#4657caect_accordion-cd1012f\">\r\n                    <a class=\"ct-ac-title-text\">Seguro Colectivo de Vida.<\/a>\r\n                <\/div>\r\n                <div id=\"4657caect_accordion-cd1012f\" class=\"ct-ac-content\"><\/div>\r\n            <\/div>\r\n                    <div class=\"ct-accordion-item \">\r\n                <div class=\"ct-ac-title \" data-target=\"#e926d53ct_accordion-cd1012f\">\r\n                    <a class=\"ct-ac-title-text\">Fianza de Fidelidad<\/a>\r\n                <\/div>\r\n                <div id=\"e926d53ct_accordion-cd1012f\" class=\"ct-ac-content\"><\/div>\r\n            <\/div>\r\n            <\/div>\r\n\t\t<\/div>\n\t\t\t\t<\/div>\n\t\t                <\/div>\n                    <\/div>\n        <\/div>\n                <div class=\"elementor-column elementor-col-33 elementor-top-column elementor-element elementor-element-a50a8e8\" data-id=\"a50a8e8\" data-element_type=\"column\">\n            <div class=\"elementor-column-wrap elementor-element-populated\">\n                            <div class=\"elementor-widget-wrap\">\n                \t\t<div class=\"elementor-element elementor-element-6f1f5a5 elementor-widget elementor-widget-ct_image\" data-id=\"6f1f5a5\" data-element_type=\"widget\" data-widget_type=\"ct_image.default\">\n\t\t\t\t<div class=\"elementor-widget-container\">\n\t\t\t<div class=\"ct-image-single \" data-wow-duration=\"1.2s\" data-wow-delay=\"ms\">\r\n                        <img width=\"800\" height=\"800\" src=\"http:\/\/coopeunachi.com\/wp-content\/uploads\/2020\/05\/cover3.jpg\" class=\"attachment-full\" alt=\"\" loading=\"lazy\" \/>            <\/div>\t\t<\/div>\n\t\t\t\t<\/div>\n\t\t                <\/div>\n                    <\/div>\n        <\/div>\n                                <\/div>\n                    <\/div>\n        <\/section>\n        \t\t\t\t<\/div>\n\t\t\t\t\t\t<\/div>\n\t\t\t\t\t<\/div>\n\t\t","protected":false},"excerpt":{"rendered":"<p>M\u00faltiples beneficios pensados para nuestros asociados Fondo Funerario. Es de car\u00e1cter opcional, el asociado que desee este servicio pagar\u00e1 v\u00eda descuento directo Un balboa con 00\/100 (B\/1.00 quincenal, Este servicio le ofrece una ayuda al asociado o beneficiario para cubrir gastos funerarios por muerte del Principal por Quinientos balboas (B\/500.00) y, por muerte de beneficiario [&hellip;]<\/p>\n","protected":false},"author":1,"featured_media":0,"parent":0,"menu_order":0,"comment_status":"closed","ping_status":"closed","template":"","meta":[],"_links":{"self":[{"href":"http:\/\/coopeunachi.com\/index.php\/wp-json\/wp\/v2\/pages\/3690"}],"collection":[{"href":"http:\/\/coopeunachi.com\/index.php\/wp-json\/wp\/v2\/pages"}],"about":[{"href":"http:\/\/coopeunachi.com\/index.php\/wp-json\/wp\/v2\/types\/page"}],"author":[{"embeddable":true,"href":"http:\/\/coopeunachi.com\/index.php\/wp-json\/wp\/v2\/users\/1"}],"replies":[{"embeddable":true,"href":"http:\/\/coopeunachi.com\/index.php\/wp-json\/wp\/v2\/comments?post=3690"}],"version-history":[{"count":42,"href":"http:\/\/coopeunachi.com\/index.php\/wp-json\/wp\/v2\/pages\/3690\/revisions"}],"predecessor-version":[{"id":4092,"href":"http:\/\/coopeunachi.com\/index.php\/wp-json\/wp\/v2\/pages\/3690\/revisions\/4092"}],"wp:attachment":[{"href":"http:\/\/coopeunachi.com\/index.php\/wp-json\/wp\/v2\/media?parent=3690"}],"curies":[{"name":"wp","href":"https:\/\/api.w.org\/{rel}","templated":true}]}}